{"id":820,"date":"2025-08-29T04:04:24","date_gmt":"2025-08-29T04:04:24","guid":{"rendered":"https:\/\/ji-jobs.com\/vi\/blogs\/?page_id=820"},"modified":"2025-08-31T09:03:38","modified_gmt":"2025-08-31T09:03:38","slug":"co-hoi-du-hoc-nhat-ban-2026-hoc-tap-lam-viec-mo-rong-tuong-lai","status":"publish","type":"page","link":"https:\/\/ji-jobs.com\/vi\/blogs\/co-hoi-du-hoc-nhat-ban-2026-hoc-tap-lam-viec-mo-rong-tuong-lai\/","title":{"rendered":"C\u01a0 H\u1ed8I DU H\u1eccC NH\u1eacT B\u1ea2N 2026"},"content":{"rendered":"<p>\ud83c\udf38 <strong>NH\u1eacT B\u1ea2N &#8211; H\u1eccC T\u1eacP &amp; L\u00c0M VI\u1ec6C, M\u1ede R\u1ed8NG T\u01af\u01a0NG LAI<\/strong> \ud83c\udf38<\/p>\n<p>B\u1ea1n \u0111ang t\u00ecm ki\u1ebfm c\u01a1 h\u1ed9i du h\u1ecdc v\u1edbi chi ph\u00ed h\u1ee3p l\u00fd, m\u00f4i tr\u01b0\u1eddng h\u1ecdc t\u1eadp hi\u1ec7n \u0111\u1ea1i, v\u00e0 c\u01a1 h\u1ed9i ngh\u1ec1 nghi\u1ec7p r\u1ed9ng m\u1edf? Nh\u1eadt B\u1ea3n ch\u00ednh l\u00e0 l\u1ef1a ch\u1ecdn l\u00fd t\u01b0\u1edfng!<\/p>\n<p>\u2705 L\u1ee3i \u00edch khi du h\u1ecdc t\u1ea1i Nh\u1eadt B\u1ea3n:<\/p>\n<p>Chi ph\u00ed h\u1ee3p l\u00fd, t\u1ef1 t\u00fac d\u1ec5 d\u00e0ng: V\u1eeba h\u1ecdc v\u1eeba l\u00e0m th\u00eam t\u1ea1i Nh\u1eadt gi\u00fap b\u1ea1n trang tr\u1ea3i h\u1ecdc ph\u00ed v\u00e0 sinh ho\u1ea1t.<\/p>\n<p>Nhu c\u1ea7u lao \u0111\u1ed9ng cao: Nh\u1eadt B\u1ea3n \u0111ang thi\u1ebfu h\u1ee5t ngu\u1ed3n lao \u0111\u1ed9ng, c\u01a1 h\u1ed9i vi\u1ec7c l\u00e0m sau t\u1ed1t nghi\u1ec7p r\u1ea5t nhi\u1ec1u.<\/p>\n<p>T\u0103ng gi\u00e1 tr\u1ecb b\u1ea3n th\u00e2n: H\u1ecdc ti\u1ebfng Nh\u1eadt v\u00e0 t\u00edch l\u0169y kinh nghi\u1ec7m l\u00e0m vi\u1ec7c t\u1ea1i Nh\u1eadt s\u1ebd gi\u00fap b\u1ea1n c\u00f3 nhi\u1ec1u c\u01a1 h\u1ed9i vi\u1ec7c l\u00e0m h\u1ea5p d\u1eabn khi v\u1ec1 Vi\u1ec7t Nam, v\u1edbi m\u1ee9c l\u01b0\u01a1ng cao h\u01a1n.<\/p>\n<p>Cu\u1ed9c s\u1ed1ng an to\u00e0n v\u00e0 th\u00e2n thi\u1ec7n: Nh\u1eadt B\u1ea3n n\u1ed5i ti\u1ebfng v\u1edbi m\u00f4i tr\u01b0\u1eddng s\u1ed1ng s\u1ea1ch s\u1ebd, \u00edt \u00f4 nhi\u1ec5m, an ninh t\u1ed1t v\u00e0 ng\u01b0\u1eddi d\u00e2n th\u00e2n thi\u1ec7n.<\/p>\n<p>M\u00f4i tr\u01b0\u1eddng h\u1ecdc t\u1eadp ch\u1ea5t l\u01b0\u1ee3ng: H\u1ec7 th\u1ed1ng gi\u00e1o d\u1ee5c hi\u1ec7n \u0111\u1ea1i, c\u00e1c tr\u01b0\u1eddng \u0111\u1ea1i h\u1ecdc v\u00e0 cao \u0111\u1eb3ng cung c\u1ea5p ch\u01b0\u01a1ng tr\u00ecnh h\u1ecdc \u0111a d\u1ea1ng, gi\u00fap b\u1ea1n ph\u00e1t tri\u1ec3n k\u1ef9 n\u0103ng to\u00e0n di\u1ec7n.<\/p>\n<p>\ud83d\udca1 \u0110\u1eb7c bi\u1ec7t: Khi t\u1ed1t nghi\u1ec7p, b\u1ea1n c\u00f3 th\u1ec3 l\u1ef1a ch\u1ecdn ti\u1ebfp t\u1ee5c l\u00e0m vi\u1ec7c t\u1ea1i Nh\u1eadt ho\u1eb7c v\u1ec1 Vi\u1ec7t Nam \u0111\u1ec3 n\u1eafm b\u1eaft nh\u1eefng c\u01a1 h\u1ed9i ngh\u1ec1 nghi\u1ec7p h\u1ea5p d\u1eabn trong c\u00e1c c\u00f4ng ty Nh\u1eadt B\u1ea3n ho\u1eb7c doanh nghi\u1ec7p \u0111a qu\u1ed1c gia.<\/p>\n<p>\ud83d\udccc H\u00e3y n\u1eafm b\u1eaft c\u01a1 h\u1ed9i n\u00e0y ngay h\u00f4m nay \u0111\u1ec3 m\u1edf ra t\u01b0\u01a1ng lai r\u1ed9ng l\u1edbn v\u00e0 b\u1ec1n v\u1eefng!<\/p>\n<div style=\"position: fixed; bottom: 16px; right: 20px; display: flex; flex-direction: column; z-index: 1000;\"><a style=\"height: 62px; -webkit-box-shadow: 0 0 0 0px #fff; box-shadow: 0 0 0 0px #fff;\" href=\"https:\/\/zalo.me\/0941568640\" target=\"_blank\" rel=\"noopener\"><br \/>\n<img decoding=\"async\" style=\"width: 52px; height: 52px; -webkit-box-shadow: 0 0 0 0px #fff; box-shadow: 0 0 0 0px #fff;\" src=\"https:\/\/ji-jobs.com\/vi\/blogs\/wp-content\/uploads\/2025\/08\/Icon_of_Zalo.svg_.png\" alt=\"Zalo\" \/><br \/>\n<\/a><a style=\"height: 82px; -webkit-box-shadow: 0 0 0 0px #fff; box-shadow: 0 0 0 0px #fff;\" href=\"https:\/\/m.me\/61577870384610\" target=\"_blank\" rel=\"noopener\"><br \/>\n<img decoding=\"async\" style=\"width: 62px; height: 62px; -webkit-box-shadow: 0 0 0 0px #fff; box-shadow: 0 0 0 0px #fff;\" src=\"https:\/\/ji-jobs.com\/vi\/blogs\/wp-content\/uploads\/2025\/08\/message_icon.png\" alt=\"Zalo\" \/><br \/>\n<\/a><\/div>\n","protected":false},"excerpt":{"rendered":"<p>\ud83c\udf38 NH\u1eacT B\u1ea2N &#8211; H\u1eccC T\u1eacP &amp; L\u00c0M VI\u1ec6C, M\u1ede R\u1ed8NG T\u01af\u01a0NG LAI \ud83c\udf38 B\u1ea1n \u0111ang t\u00ecm ki\u1ebfm c\u01a1 h\u1ed9i du h\u1ecdc v\u1edbi chi ph\u00ed h\u1ee3p l\u00fd, m\u00f4i tr\u01b0\u1eddng h\u1ecdc t\u1eadp hi\u1ec7n \u0111\u1ea1i, v\u00e0 c\u01a1 h\u1ed9i ngh\u1ec1 nghi\u1ec7p r\u1ed9ng m\u1edf? Nh\u1eadt B\u1ea3n ch\u00ednh l\u00e0 l\u1ef1a ch\u1ecdn l\u00fd t\u01b0\u1edfng! \u2705 L\u1ee3i \u00edch khi du h\u1ecdc t\u1ea1i &hellip; <\/p>\n<p class=\"link-more\"><a href=\"https:\/\/ji-jobs.com\/vi\/blogs\/co-hoi-du-hoc-nhat-ban-2026-hoc-tap-lam-viec-mo-rong-tuong-lai\/\" class=\"more-link\">\u0110\u1ecdc ti\u1ebfp<span class=\"screen-reader-text\"> &#8220;C\u01a0 H\u1ed8I DU H\u1eccC NH\u1eacT B\u1ea2N 2026&#8221;<\/span><\/a><\/p>\n","protected":false},"author":5,"featured_media":0,"parent":0,"menu_order":0,"comment_status":"closed","ping_status":"closed","template":"","meta":{"_acf_changed":false,"footnotes":""},"class_list":["post-820","page","type-page","status-publish","hentry"],"acf":[],"_links":{"self":[{"href":"https:\/\/ji-jobs.com\/vi\/blogs\/wp-json\/wp\/v2\/pages\/820","targetHints":{"allow":["GET"]}}],"collection":[{"href":"https:\/\/ji-jobs.com\/vi\/blogs\/wp-json\/wp\/v2\/pages"}],"about":[{"href":"https:\/\/ji-jobs.com\/vi\/blogs\/wp-json\/wp\/v2\/types\/page"}],"author":[{"embeddable":true,"href":"https:\/\/ji-jobs.com\/vi\/blogs\/wp-json\/wp\/v2\/users\/5"}],"replies":[{"embeddable":true,"href":"https:\/\/ji-jobs.com\/vi\/blogs\/wp-json\/wp\/v2\/comments?post=820"}],"version-history":[{"count":37,"href":"https:\/\/ji-jobs.com\/vi\/blogs\/wp-json\/wp\/v2\/pages\/820\/revisions"}],"predecessor-version":[{"id":892,"href":"https:\/\/ji-jobs.com\/vi\/blogs\/wp-json\/wp\/v2\/pages\/820\/revisions\/892"}],"wp:attachment":[{"href":"https:\/\/ji-jobs.com\/vi\/blogs\/wp-json\/wp\/v2\/media?parent=820"}],"curies":[{"name":"wp","href":"https:\/\/api.w.org\/{rel}","templated":true}]}}