{"id":256,"date":"2025-05-17T11:27:03","date_gmt":"2025-05-17T11:27:03","guid":{"rendered":"https:\/\/ji-jobs.com\/vi\/blogs\/?page_id=256"},"modified":"2025-05-22T00:46:14","modified_gmt":"2025-05-22T00:46:14","slug":"viec-lam-tokutei-gino-tai-nhat-ban-2025-05-21","status":"publish","type":"page","link":"https:\/\/ji-jobs.com\/vi\/blogs\/viec-lam-tokutei-gino-tai-nhat-ban-2025-05-21\/","title":{"rendered":"Vi\u1ec7c l\u00e0m Tokutei Gino t\u1ea1i Nh\u1eadt B\u1ea3n &#8211; K\u1ebft n\u1ed1i \u1ee9ng vi\u00ean v\u00e0 Doanh nghi\u1ec7p (2025\/05)"},"content":{"rendered":"<p><a href=\"https:\/\/ji-jobs.com\/\"><img loading=\"lazy\" decoding=\"async\" class=\"aligncenter wp-image-160\" src=\"https:\/\/ji-jobs.com\/vi\/blogs\/wp-content\/uploads\/2025\/05\/banner_jijobs_vi-viec-lam.png\" alt=\"\" width=\"658\" height=\"244\" \/><\/a><\/p>\n<div>\n<div><span style=\"color: #0000ff;\"><strong>V\u1ec0 JIJOBS<\/strong><\/span><\/div>\n<div>\n<div>\n<div>JiJobs \u0111\u01a1n v\u1ecb ti\u00ean phong v\u1ec1 N\u1ec1n t\u1ea3ng t\u00ecm ki\u1ebfm vi\u1ec7c l\u00e0m cho ng\u01b0\u1eddi Vi\u1ec7t t\u1ea1i Nh\u1eadt B\u1ea3n, v\u1edbi t\u00ednh n\u0103ng t\u00ecm ki\u1ebfm vi\u1ec7c l\u00e0m th\u00f4ng minh, h\u1ed7 tr\u1ee3 t\u1ea1o CV, v\u00e0 c\u1eadp nh\u1eadt c\u00e1c c\u01a1 h\u1ed9i vi\u1ec7c l\u00e0m m\u1edbi nh\u1ea5t. H\u1ed7 tr\u1ee3 c\u00e1c c\u00f4ng ty gi\u1edbi thi\u1ec7u vi\u1ec7c l\u00e0m v\u00e0 Doanh nghi\u1ec7p k\u1ebft n\u1ed1i \u1ee9ng vi\u00ean \u01b0u t\u00fa, nhanh ch\u00f3ng v\u00e0 ti\u1ec7n l\u1ee3i nh\u1ea5t.<\/div>\n<\/div>\n<div class=\"heading-center mt-4\">Danh s\u00e1ch vi\u1ec7c l\u00e0m<\/div>\n<hr style=\"border: none; border-bottom: 1px solid #0000ff; width: 200px;\" \/>\n<div>\n<p>H\u00e3y tham kh\u1ea3o t\u1ea5t c\u1ea3 c\u00e1c <a href=\"https:\/\/ji-jobs.com\/vi\/search\/jobs\/tokuteiFlg-1\"><strong style=\"color: #0000ff;\">Vi\u1ec7c L\u00e0m Tokutei Gino<\/strong><\/a> \u0111ang tuy\u1ec3n d\u1ee5ng t\u1ea1i link d\u01b0\u1edbi<br \/>\n<a href=\"https:\/\/ji-jobs.com\/vi\/search\/jobs\/tokuteiFlg-1\">https:\/\/ji-jobs.com\/vi\/search\/jobs\/tokuteiFlg-1<\/a><\/p>\n<p>1\ufe0f\u20e3 <strong><a style=\"color: #0000ff; font-size: 20px;\" href=\"https:\/\/ji-jobs.com\/vi\/jobs\/detail\/9c269c52-bf22-4628-9824-e580c6c350f0\">Ch\u1ebf bi\u1ebfn th\u1ef1c ph\u1ea9m (Tokyo)<\/a><\/strong><br \/>\n&#8211; C\u00f4ng vi\u1ec7c: \u0110\u00f3ng g\u00f3i, s\u1ea3n xu\u1ea5t d\u00e2y chuy\u1ec1n<br \/>\n&#8211; L\u01b0\u01a1ng: : 1079y\/gi\u1edd (quen vi\u1ec7c 1200)<br \/>\n&#8211; Ca \u0111\u00eam: ( 5:30 ~ 14:30) ( 9:00 ~ 18:00 )<br \/>\n&#8211; C\u00f3 h\u1ed7 tr\u1ee3 nh\u00e0 \u1edf<br \/>\n&#8211; Y\u00eau c\u1ea7u ti\u1ebfng Nh\u1eadt: Tr\u00ecnh \u0111\u1ed9 kho\u1ea3ng N3<br \/>\nLink \u1ee9ng tuy\u1ec3n: <a href=\"https:\/\/ji-jobs.com\/vi\/jobs\/detail\/9c269c52-bf22-4628-9824-e580c6c350f0\">https:\/\/ji-jobs.com\/vi\/jobs\/detail\/9c269c52-bf22-4628-9824-e580c6c350f0<\/a><\/p>\n<p>2\ufe0f\u20e3 <strong><a style=\"color: #0000ff; font-size: 20px;\" href=\"https:\/\/ji-jobs.com\/vi\/jobs\/detail\/d70afc8c-2410-41cc-bf80-8786d6f09131\">\u0110i\u1ec1u d\u01b0\u1ee1ng (Saitama)<\/a><\/strong><br \/>\n&#8211; C\u00f4ng vi\u1ec7c: C\u00f4ng vi\u1ec7c \u0111i\u1ec1u d\u01b0\u1ee1ng<br \/>\n&#8211; L\u01b0\u01a1ng: 27.2 man<br \/>\n&#8211; Y\u00eau c\u1ea7u ti\u1ebfng Nh\u1eadt: Tr\u00ecnh \u0111\u1ed9 kho\u1ea3ng N3<br \/>\nLink \u1ee9ng tuy\u1ec3n: <a href=\"https:\/\/ji-jobs.com\/vi\/jobs\/detail\/d70afc8c-2410-41cc-bf80-8786d6f09131\">https:\/\/ji-jobs.com\/vi\/jobs\/detail\/d70afc8c-2410-41cc-bf80-8786d6f09131<\/a><\/p>\n<p>3\ufe0f\u20e3 <strong><a style=\"color: #0000ff; font-size: 20px;\" href=\"https:\/\/ji-jobs.com\/vi\/jobs\/detail\/f1dab05f-e49a-44ca-b0f7-f0558e562cb1\">Nh\u00e2n vi\u00ean Nh\u00e0 H\u00e0ng (Tokyo, Kanagawa, Osaka, Fukuoka)<\/a><\/strong><br \/>\n&#8211; C\u00f4ng vi\u1ec7c: Chu\u1ea9n b\u1ecb, ch\u1ebf bi\u1ebfn m\u00f3n \u0103n, ph\u1ee5c v\u1ee5 kh\u00e1ch h\u00e0ng<br \/>\n&#8211; L\u01b0\u01a1ng: 26 man<br \/>\n&#8211; Y\u00eau c\u1ea7u ti\u1ebfng Nh\u1eadt: Tr\u00ecnh \u0111\u1ed9 kho\u1ea3ng N3<br \/>\nLink \u1ee9ng tuy\u1ec3n: <a href=\"https:\/\/ji-jobs.com\/vi\/jobs\/detail\/f1dab05f-e49a-44ca-b0f7-f0558e562cb1\">https:\/\/ji-jobs.com\/vi\/jobs\/detail\/f1dab05f-e49a-44ca-b0f7-f0558e562cb1<\/a><\/p>\n<p>4\ufe0f\u20e3 <strong><a style=\"color: #0000ff; font-size: 20px;\" href=\"https:\/\/ji-jobs.com\/vi\/jobs\/detail\/f0dd8315-f3af-42c0-8296-654edd13ef06\">L\u1eafp \u0111\u1eb7t \u0111\u01b0\u1eddng \u1ed1ng (Tokyo, Kansai)<\/a><\/strong><br \/>\n&#8211; C\u00f4ng vi\u1ec7c: thi c\u00f4ng h\u1ec7 th\u1ed1ng tho\u00e1t n\u01b0\u1edbc c\u00f4ng c\u1ed9ng, d\u00e2n d\u1ee5ng<br \/>\n&#8211; L\u01b0\u01a1ng: 27 man<br \/>\n&#8211; Y\u00eau c\u1ea7u ti\u1ebfng Nh\u1eadt: Tr\u00ecnh \u0111\u1ed9 kho\u1ea3ng N5<br \/>\nLink \u1ee9ng tuy\u1ec3n: <a href=\"https:\/\/ji-jobs.com\/vi\/jobs\/detail\/f0dd8315-f3af-42c0-8296-654edd13ef06\">https:\/\/ji-jobs.com\/vi\/jobs\/detail\/f0dd8315-f3af-42c0-8296-654edd13ef06<\/a><\/p>\n<p>5\ufe0f\u20e3 <strong><a style=\"color: #0000ff; font-size: 20px;\" href=\"https:\/\/ji-jobs.com\/vi\/jobs\/detail\/3fb22030-a959-4ee1-b14d-c19f3df98784\">Ch\u0103n nu\u00f4i (Hokkaido)<\/a><\/strong><br \/>\n&#8211; C\u00f4ng vi\u1ec7c: Ch\u0103m s\u00f3c b\u00f2 t\u1ea1i trang tr\u1ea1i<br \/>\n&#8211; L\u01b0\u01a1ng: 20,58 man<br \/>\n&#8211; Y\u00eau c\u1ea7u ti\u1ebfng Nh\u1eadt: Tr\u00ecnh \u0111\u1ed9 kho\u1ea3ng N4<br \/>\nLink \u1ee9ng tuy\u1ec3n: <a href=\"https:\/\/ji-jobs.com\/vi\/jobs\/detail\/3fb22030-a959-4ee1-b14d-c19f3df98784\">https:\/\/ji-jobs.com\/vi\/jobs\/detail\/3fb22030-a959-4ee1-b14d-c19f3df98784<\/a><\/p>\n<p>6\ufe0f\u20e3 <strong><a style=\"color: #0000ff; font-size: 20px;\" href=\"https:\/\/ji-jobs.com\/vi\/jobs\/detail\/1ff4824e-9659-462c-bd71-396c32a14a07\">Nh\u00e2n vi\u00ean b\u1ea3o d\u01b0\u1ee1ng \u00f4 t\u00f4 (Hyogo)<\/a><\/strong><br \/>\n&#8211; C\u00f4ng vi\u1ec7c: Ki\u1ec3m tra b\u1ea3o d\u01b0\u1ee1ng \u0111\u1ecbnh k\u1ef3 \u00f4 t\u00f4<br \/>\n&#8211; L\u01b0\u01a1ng: 13,4 ~ 18,2 man<br \/>\n&#8211; Kinh nghi\u1ec7m trong ng\u00e0nh<br \/>\n&#8211; Y\u00eau c\u1ea7u ti\u1ebfng Nh\u1eadt: Tr\u00ecnh \u0111\u1ed9 kho\u1ea3ng N4<br \/>\nLink \u1ee9ng tuy\u1ec3n: <a href=\"https:\/\/ji-jobs.com\/vi\/jobs\/detail\/1ff4824e-9659-462c-bd71-396c32a14a07\">https:\/\/ji-jobs.com\/vi\/jobs\/detail\/1ff4824e-9659-462c-bd71-396c32a14a07<\/a><\/p>\n<p>7\ufe0f\u20e3 <strong><a style=\"color: #0000ff; font-size: 20px;\" href=\"https:\/\/ji-jobs.com\/vi\/jobs\/detail\/9c269c52-bf22-4628-9824-e580c6c350f0\">Nh\u00e2n vi\u00ean d\u1ecdn ph\u00f2ng Kh\u00e1ch s\u1ea1n (Tokyo)<\/a><\/strong><br \/>\n&#8211; C\u00f4ng vi\u1ec7c: D\u1ecdn d\u1eb9p ph\u00f2ng<br \/>\n&#8211; L\u01b0\u01a1ng: 22 man<br \/>\n&#8211; \u0110\u1ecba \u0111i\u1ec3m: Tokyo (Khu v\u1ef1c Kasai)<br \/>\n&#8211; Y\u00eau c\u1ea7u ti\u1ebfng Nh\u1eadt: Tr\u00ecnh \u0111\u1ed9 kho\u1ea3ng N4<br \/>\nLink \u1ee9ng tuy\u1ec3n: <a href=\"https:\/\/ji-jobs.com\/vi\/jobs\/detail\/df352907-8ef5-4cbb-86e7-6224f1077650\">https:\/\/ji-jobs.com\/vi\/jobs\/detail\/df352907-8ef5-4cbb-86e7-6224f1077650<\/a><\/p>\n<p>8\ufe0f\u20e3 <strong><a style=\"color: #0000ff; font-size: 20px;\" href=\"https:\/\/ji-jobs.com\/vi\/jobs\/detail\/437c708c-a234-4f69-a987-7e2e6b9b64d3\">\u0110i\u1ec1u d\u01b0\u1ee1ng (Kanagawa)<\/a><\/strong><br \/>\n&#8211; C\u00f4ng vi\u1ec7c: C\u00f4ng vi\u1ec7c \u0111i\u1ec1u d\u01b0\u1ee1ng<br \/>\n&#8211; L\u01b0\u01a1ng: 28 man<br \/>\n&#8211; Y\u00eau c\u1ea7u ti\u1ebfng Nh\u1eadt: Tr\u00ecnh \u0111\u1ed9 kho\u1ea3ng N3<br \/>\nLink \u1ee9ng tuy\u1ec3n: <a href=\"https:\/\/ji-jobs.com\/vi\/jobs\/detail\/437c708c-a234-4f69-a987-7e2e6b9b64d3\">https:\/\/ji-jobs.com\/vi\/jobs\/detail\/437c708c-a234-4f69-a987-7e2e6b9b64d3<\/a><\/p>\n<p>9\ufe0f\u20e3 <strong><a style=\"color: #0000ff; font-size: 20px;\" href=\"https:\/\/ji-jobs.com\/vi\/jobs\/detail\/8b1964ad-6be8-4439-a3d0-ace531686248\">\u0110i\u1ec1u d\u01b0\u1ee1ng (Osaka)<\/a><\/strong><br \/>\n&#8211; C\u00f4ng vi\u1ec7c: C\u00f4ng vi\u1ec7c \u0111i\u1ec1u d\u01b0\u1ee1ng<br \/>\n&#8211; L\u01b0\u01a1ng: 23.8 man<br \/>\n&#8211; Y\u00eau c\u1ea7u ti\u1ebfng Nh\u1eadt: Tr\u00ecnh \u0111\u1ed9 kho\u1ea3ng N4<br \/>\nLink \u1ee9ng tuy\u1ec3n: <a href=\"https:\/\/ji-jobs.com\/vi\/jobs\/detail\/8b1964ad-6be8-4439-a3d0-ace531686248\">https:\/\/ji-jobs.com\/vi\/jobs\/detail\/8b1964ad-6be8-4439-a3d0-ace531686248<\/a><\/p>\n<p>\ud83d\udd1f <strong><a style=\"color: #0000ff; font-size: 20px;\" href=\"https:\/\/ji-jobs.com\/vi\/jobs\/detail\/bada8a42-4124-4c6c-a1c3-2e550c21180d\">S\u1ea2N XU\u1ea4T M\u00cc V\u00c0 N\u01af\u1edaC S\u1ed0T T\u1ea0I AICHI Kh\u00f4ng y\u00eau c\u1ea7u kinh nghi\u1ec7m!<\/a><\/strong><br \/>\n&#8211; C\u00f4ng vi\u1ec7c: C\u00f4ng vi\u1ec7c \u0111i\u1ec1u d\u01b0\u1ee1ng<br \/>\n&#8211; L\u01b0\u01a1ng: 24.2 man<br \/>\n&#8211; Y\u00eau c\u1ea7u ti\u1ebfng Nh\u1eadt: Tr\u00ecnh \u0111\u1ed9 kho\u1ea3ng N4<br \/>\nLink \u1ee9ng tuy\u1ec3n: <a href=\"https:\/\/ji-jobs.com\/vi\/jobs\/detail\/bada8a42-4124-4c6c-a1c3-2e550c21180d\">https:\/\/ji-jobs.com\/vi\/jobs\/detail\/bada8a42-4124-4c6c-a1c3-2e550c21180d<\/a><\/p>\n<p>H\u00e3y tham kh\u1ea3o t\u1ea5t c\u1ea3 c\u00e1c vi\u1ec7c Tokutei Gino \u0111ang tuy\u1ec3n d\u1ee5ng t\u1ea1i link<br \/>\nhttps:\/\/ji-jobs.com\/vi\/search\/jobs\/tokuteiFlg-1<\/p>\n<\/div>\n<div><\/div>\n<div style=\"background-color: #0000ff; width: 160px; text-align: center; padding: 8px; margin-top: 10px;\"><a style=\"text-decoration: none;\" href=\"https:\/\/ji-jobs.com\/vi\/search\/jobs\/tokuteiFlg-1\"><span style=\"color: #ffffff;\"><strong>Xem th\u00eam<\/strong><\/span><\/a><\/div>\n<p>&nbsp;<\/p>\n<p><img loading=\"lazy\" decoding=\"async\" class=\"aligncenter wp-image-172 \" src=\"https:\/\/ji-jobs.com\/vi\/blogs\/wp-content\/uploads\/2025\/05\/working-pc.png\" alt=\"\" width=\"432\" height=\"343\" \/><\/p>\n<div style=\"padding: 0 0 10px 0;\"><img loading=\"lazy\" decoding=\"async\" class=\"alignnone wp-image-173\" src=\"https:\/\/ji-jobs.com\/vi\/blogs\/wp-content\/uploads\/2025\/05\/medal-line.png\" alt=\"\" width=\"32\" height=\"32\" \/><span style=\"padding-top: 4px; color: #0000ff; font-size: 22px; margin-left: 8px;\"><strong>\u1ee8ng vi\u00ean t\u00ecm vi\u1ec7c<\/strong><\/span><\/div>\n<div style=\"padding-left: 18px;\">\n<div style=\"padding-top: 8px;\"><img loading=\"lazy\" decoding=\"async\" class=\"alignnone wp-image-174\" src=\"https:\/\/ji-jobs.com\/vi\/blogs\/wp-content\/uploads\/2025\/05\/star-smile.png\" alt=\"\" width=\"20\" height=\"20\" \/> T\u00ecm ki\u1ebfm vi\u1ec7c l\u00e0m v\u00e0 g\u1eedi CV tr\u1ef1c ti\u1ebfp \u0111\u1ebfn doanh nghi\u1ec7p<\/div>\n<div style=\"padding-top: 8px;\"><img loading=\"lazy\" decoding=\"async\" class=\"alignnone wp-image-174\" src=\"https:\/\/ji-jobs.com\/vi\/blogs\/wp-content\/uploads\/2025\/05\/star-smile.png\" alt=\"\" width=\"20\" height=\"20\" \/> T\u1ea1o CV \u0111\u1ec3 doanh nghi\u1ec7p c\u00f3 th\u1ec3 li\u00ean h\u1ec7 ngay cho b\u1ea1n<\/div>\n<div style=\"padding-top: 8px;\"><img loading=\"lazy\" decoding=\"async\" class=\"alignnone wp-image-174\" src=\"https:\/\/ji-jobs.com\/vi\/blogs\/wp-content\/uploads\/2025\/05\/star-smile.png\" alt=\"\" width=\"20\" height=\"20\" \/> H\u1ec7 th\u1ed1ng s\u1ebd g\u1eedi th\u00f4ng tin vi\u1ec7c m\u1edbi nh\u1ea5t qua email c\u1ee7a b\u1ea1n<\/div>\n<\/div>\n<div style=\"background-color: #0000ff; width: 260px; text-align: center; padding: 8px; margin-top: 10px;\"><a style=\"text-decoration: none;\" href=\"https:\/\/ji-jobs.com\/vi\/search\/jobs\/tokuteiFlg-1\"><span style=\"color: #ffffff;\"><strong>T\u00ccM KI\u1ebeM VI\u1ec6C NGAY<\/strong><\/span><\/a><\/div>\n<\/div>\n<\/div>\n<p>&nbsp;<\/p>\n","protected":false},"excerpt":{"rendered":"<p>V\u1ec0 JIJOBS JiJobs \u0111\u01a1n v\u1ecb ti\u00ean phong v\u1ec1 N\u1ec1n t\u1ea3ng t\u00ecm ki\u1ebfm vi\u1ec7c l\u00e0m cho ng\u01b0\u1eddi Vi\u1ec7t t\u1ea1i Nh\u1eadt B\u1ea3n, v\u1edbi t\u00ednh n\u0103ng t\u00ecm ki\u1ebfm vi\u1ec7c l\u00e0m th\u00f4ng minh, h\u1ed7 tr\u1ee3 t\u1ea1o CV, v\u00e0 c\u1eadp nh\u1eadt c\u00e1c c\u01a1 h\u1ed9i vi\u1ec7c l\u00e0m m\u1edbi nh\u1ea5t. H\u1ed7 tr\u1ee3 c\u00e1c c\u00f4ng ty gi\u1edbi thi\u1ec7u vi\u1ec7c l\u00e0m v\u00e0 Doanh nghi\u1ec7p &hellip; <\/p>\n<p class=\"link-more\"><a href=\"https:\/\/ji-jobs.com\/vi\/blogs\/viec-lam-tokutei-gino-tai-nhat-ban-2025-05-21\/\" class=\"more-link\">\u0110\u1ecdc ti\u1ebfp<span class=\"screen-reader-text\"> &#8220;Vi\u1ec7c l\u00e0m Tokutei Gino t\u1ea1i Nh\u1eadt B\u1ea3n &#8211; K\u1ebft n\u1ed1i \u1ee9ng vi\u00ean v\u00e0 Doanh nghi\u1ec7p (2025\/05)&#8221;<\/span><\/a><\/p>\n","protected":false},"author":2,"featured_media":0,"parent":0,"menu_order":0,"comment_status":"closed","ping_status":"closed","template":"","meta":{"_acf_changed":false,"footnotes":""},"class_list":["post-256","page","type-page","status-publish","hentry"],"acf":[],"_links":{"self":[{"href":"https:\/\/ji-jobs.com\/vi\/blogs\/wp-json\/wp\/v2\/pages\/256","targetHints":{"allow":["GET"]}}],"collection":[{"href":"https:\/\/ji-jobs.com\/vi\/blogs\/wp-json\/wp\/v2\/pages"}],"about":[{"href":"https:\/\/ji-jobs.com\/vi\/blogs\/wp-json\/wp\/v2\/types\/page"}],"author":[{"embeddable":true,"href":"https:\/\/ji-jobs.com\/vi\/blogs\/wp-json\/wp\/v2\/users\/2"}],"replies":[{"embeddable":true,"href":"https:\/\/ji-jobs.com\/vi\/blogs\/wp-json\/wp\/v2\/comments?post=256"}],"version-history":[{"count":16,"href":"https:\/\/ji-jobs.com\/vi\/blogs\/wp-json\/wp\/v2\/pages\/256\/revisions"}],"predecessor-version":[{"id":329,"href":"https:\/\/ji-jobs.com\/vi\/blogs\/wp-json\/wp\/v2\/pages\/256\/revisions\/329"}],"wp:attachment":[{"href":"https:\/\/ji-jobs.com\/vi\/blogs\/wp-json\/wp\/v2\/media?parent=256"}],"curies":[{"name":"wp","href":"https:\/\/api.w.org\/{rel}","templated":true}]}}