{"id":238,"date":"2025-05-17T11:27:05","date_gmt":"2025-05-17T11:27:05","guid":{"rendered":"https:\/\/ji-jobs.com\/vi\/blogs\/?page_id=238"},"modified":"2025-05-20T01:42:09","modified_gmt":"2025-05-20T01:42:09","slug":"viec-lam-tokutei-gino-tai-nhat","status":"publish","type":"page","link":"https:\/\/ji-jobs.com\/vi\/blogs\/viec-lam-tokutei-gino-tai-nhat\/","title":{"rendered":"Vi\u1ec7c l\u00e0m Tokutei Gino t\u1ea1i Nh\u1eadt B\u1ea3n &#8211; K\u1ebft n\u1ed1i \u1ee9ng vi\u00ean v\u00e0 Doanh nghi\u1ec7p"},"content":{"rendered":"<p><a href=\"https:\/\/ji-jobs.com\/\"><img loading=\"lazy\" decoding=\"async\" class=\"aligncenter wp-image-160\" src=\"https:\/\/ji-jobs.com\/vi\/blogs\/wp-content\/uploads\/2025\/05\/banner_jijobs_vi-viec-lam.png\" alt=\"\" width=\"658\" height=\"244\" \/><\/a><\/p>\n<div>\n<div><span style=\"color: #0000ff;\"><strong>V\u1ec0 JIJOBS<\/strong><\/span><\/div>\n<div>\n<div>\n<div>JiJobs \u0111\u01a1n v\u1ecb ti\u00ean phong v\u1ec1 N\u1ec1n t\u1ea3ng t\u00ecm ki\u1ebfm vi\u1ec7c l\u00e0m cho ng\u01b0\u1eddi Vi\u1ec7t t\u1ea1i Nh\u1eadt B\u1ea3n, v\u1edbi t\u00ednh n\u0103ng t\u00ecm ki\u1ebfm vi\u1ec7c l\u00e0m th\u00f4ng minh, h\u1ed7 tr\u1ee3 t\u1ea1o CV, v\u00e0 c\u1eadp nh\u1eadt c\u00e1c c\u01a1 h\u1ed9i vi\u1ec7c l\u00e0m m\u1edbi nh\u1ea5t. H\u1ed7 tr\u1ee3 c\u00e1c c\u00f4ng ty gi\u1edbi thi\u1ec7u vi\u1ec7c l\u00e0m v\u00e0 Doanh nghi\u1ec7p k\u1ebft n\u1ed1i \u1ee9ng vi\u00ean \u01b0u t\u00fa, nhanh ch\u00f3ng v\u00e0 ti\u1ec7n l\u1ee3i nh\u1ea5t.<\/div>\n<\/div>\n<div class=\"heading-center mt-4\">Danh s\u00e1ch vi\u1ec7c l\u00e0m<\/div>\n<hr style=\"border: none; border-bottom: 1px solid #0000ff; width: 200px;\" \/>\n<div>\n<p><span style=\"font-weight: 400;\">1\ufe0f\u20e3 Nh\u00e2n vi\u00ean b\u1ebfp (Tokyo, Kyoto, Niigata, Shiga)<\/span><\/p>\n<p><a href=\"https:\/\/ji-jobs.com\/vi\/jobs\/detail\/d0730208-c3d3-41a7-89f2-c4c2d96b3ed1\"><img loading=\"lazy\" decoding=\"async\" class=\"wp-image-249 alignnone\" src=\"https:\/\/ji-jobs.com\/vi\/blogs\/wp-content\/uploads\/2025\/05\/Nhan-vien-bep-1.png\" alt=\"\" width=\"360\" height=\"360\" \/><\/a><\/p>\n<p><span style=\"font-weight: 400;\">Link \u1ee9ng tuy\u1ec3n: <\/span><a href=\"https:\/\/ji-jobs.com\/vi\/jobs\/detail\/d0730208-c3d3-41a7-89f2-c4c2d96b3ed1\"><span style=\"font-weight: 400;\">https:\/\/ji-jobs.com\/vi\/jobs\/detail\/d0730208-c3d3-41a7-89f2-c4c2d96b3ed1<\/span><\/a><\/p>\n<p><span style=\"font-weight: 400;\">2\ufe0f\u20e3 Nh\u00e2n vi\u00ean nh\u00e0 h\u00e0ng (Tokyo)<\/span><\/p>\n<p><a href=\"https:\/\/ji-jobs.com\/vi\/jobs\/detail\/1f01842b-8efa-4954-a52c-61a49197f225\"><img loading=\"lazy\" decoding=\"async\" class=\"wp-image-262 alignnone\" src=\"https:\/\/ji-jobs.com\/vi\/blogs\/wp-content\/uploads\/2025\/05\/Nhan-vien-nha-hang-2.png\" alt=\"\" width=\"360\" height=\"360\" \/><\/a><\/p>\n<p><span style=\"font-weight: 400;\">Link \u1ee9ng tuy\u1ec3n:<\/span> <a href=\"https:\/\/ji-jobs.com\/vi\/jobs\/detail\/1f01842b-8efa-4954-a52c-61a49197f225\"><span style=\"font-weight: 400;\">https:\/\/ji-jobs.com\/vi\/jobs\/detail\/1f01842b-8efa-4954-a52c-61a49197f225<\/span><\/a><\/p>\n<p><span style=\"font-weight: 400;\">3\ufe0f\u20e3 Ch\u1ebf bi\u1ebfn th\u1ef1c ph\u1ea9m (Tokyo)<\/span><\/p>\n<p><a href=\"https:\/\/ji-jobs.com\/vi\/jobs\/detail\/dddd78ef-f194-4092-b42e-41f570f325e5\"><img loading=\"lazy\" decoding=\"async\" class=\"alignnone wp-image-244\" src=\"https:\/\/ji-jobs.com\/vi\/blogs\/wp-content\/uploads\/2025\/05\/Che-bien-thuc-pham-3.jpg\" alt=\"\" width=\"360\" height=\"360\" \/><\/a><\/p>\n<p><span style=\"font-weight: 400;\">Link \u1ee9ng tuy\u1ec3n:<\/span> <a href=\"https:\/\/ji-jobs.com\/vi\/jobs\/detail\/dddd78ef-f194-4092-b42e-41f570f325e5\"><span style=\"font-weight: 400;\">https:\/\/ji-jobs.com\/vi\/jobs\/detail\/dddd78ef-f194-4092-b42e-41f570f325e5<\/span><\/a><\/p>\n<p><span style=\"font-weight: 400;\">4\ufe0f\u20e3 Nh\u00e2n vi\u00ean d\u1ecdn ph\u00f2ng Kh\u00e1ch s\u1ea1n (Tokyo)<\/span><\/p>\n<p><a href=\"https:\/\/ji-jobs.com\/vi\/jobs\/detail\/df352907-8ef5-4cbb-86e7-6224f1077650\"><img loading=\"lazy\" decoding=\"async\" class=\"wp-image-245 alignnone\" src=\"https:\/\/ji-jobs.com\/vi\/blogs\/wp-content\/uploads\/2025\/05\/Don-Phong-khach-san-4.jpg\" alt=\"\" width=\"360\" height=\"360\" \/><\/a><\/p>\n<p><span style=\"font-weight: 400;\">Link \u1ee9ng tuy\u1ec3n:<\/span> <a href=\"https:\/\/ji-jobs.com\/vi\/jobs\/detail\/df352907-8ef5-4cbb-86e7-6224f1077650\"><span style=\"font-weight: 400;\">https:\/\/ji-jobs.com\/vi\/jobs\/detail\/df352907-8ef5-4cbb-86e7-6224f1077650<\/span><\/a><\/p>\n<p><span style=\"font-weight: 400;\">5\ufe0f\u20e3\u00a0 <\/span><span style=\"font-weight: 400;\">Nh\u00e2n vi\u00ean Nh\u00e0 H\u00e0ng (Tokyo, Kanagawa, Osaka, Fukuoka) (K\u1ef9 s\u01b0)<\/span><\/p>\n<p><a href=\"https:\/\/ji-jobs.com\/vi\/jobs\/detail\/f1dab05f-e49a-44ca-b0f7-f0558e562cb1\"><img loading=\"lazy\" decoding=\"async\" class=\"alignnone wp-image-250\" src=\"https:\/\/ji-jobs.com\/vi\/blogs\/wp-content\/uploads\/2025\/05\/Nhan-vien-nha-hang-5.png\" alt=\"\" width=\"360\" height=\"360\" \/><\/a><\/p>\n<p><span style=\"font-weight: 400;\">Link \u1ee9ng tuy\u1ec3n:<\/span> <a href=\"https:\/\/ji-jobs.com\/vi\/jobs\/detail\/f1dab05f-e49a-44ca-b0f7-f0558e562cb1\"><span style=\"font-weight: 400;\">https:\/\/ji-jobs.com\/vi\/jobs\/detail\/f1dab05f-e49a-44ca-b0f7-f0558e562cb1<\/span><\/a><\/p>\n<\/div>\n<div style=\"background-color: #0000ff; width: 160px; text-align: center; padding: 8px; margin-top: 10px;\"><a style=\"text-decoration: none;\" href=\"https:\/\/ji-jobs.com\/vi\/search\/jobs\/tokuteiFlg-1\"><span style=\"color: #ffffff;\"><strong>Xem th\u00eam<\/strong><\/span><\/a><\/div>\n<p>&nbsp;<\/p>\n<p><img loading=\"lazy\" decoding=\"async\" class=\"aligncenter wp-image-172 \" src=\"https:\/\/ji-jobs.com\/vi\/blogs\/wp-content\/uploads\/2025\/05\/working-pc.png\" alt=\"\" width=\"432\" height=\"343\" \/><\/p>\n<div style=\"padding: 0 0 10px 0;\"><img loading=\"lazy\" decoding=\"async\" class=\"alignnone wp-image-173\" src=\"https:\/\/ji-jobs.com\/vi\/blogs\/wp-content\/uploads\/2025\/05\/medal-line.png\" alt=\"\" width=\"32\" height=\"32\" \/><span style=\"padding-top: 4px; color: #0000ff; font-size: 22px; margin-left: 8px;\"><strong>\u1ee8ng vi\u00ean t\u00ecm vi\u1ec7c<\/strong><\/span><\/div>\n<div style=\"padding-left: 18px;\">\n<div style=\"padding-top: 8px;\"><img loading=\"lazy\" decoding=\"async\" class=\"alignnone wp-image-174\" src=\"https:\/\/ji-jobs.com\/vi\/blogs\/wp-content\/uploads\/2025\/05\/star-smile.png\" alt=\"\" width=\"20\" height=\"20\" \/> T\u00ecm ki\u1ebfm vi\u1ec7c l\u00e0m v\u00e0 g\u1eedi CV tr\u1ef1c ti\u1ebfp \u0111\u1ebfn doanh nghi\u1ec7p<\/div>\n<div style=\"padding-top: 8px;\"><img loading=\"lazy\" decoding=\"async\" class=\"alignnone wp-image-174\" src=\"https:\/\/ji-jobs.com\/vi\/blogs\/wp-content\/uploads\/2025\/05\/star-smile.png\" alt=\"\" width=\"20\" height=\"20\" \/> T\u1ea1o CV \u0111\u1ec3 doanh nghi\u1ec7p c\u00f3 th\u1ec3 li\u00ean h\u1ec7 ngay cho b\u1ea1n<\/div>\n<div style=\"padding-top: 8px;\"><img loading=\"lazy\" decoding=\"async\" class=\"alignnone wp-image-174\" src=\"https:\/\/ji-jobs.com\/vi\/blogs\/wp-content\/uploads\/2025\/05\/star-smile.png\" alt=\"\" width=\"20\" height=\"20\" \/> H\u1ec7 th\u1ed1ng s\u1ebd g\u1eedi th\u00f4ng tin vi\u1ec7c m\u1edbi nh\u1ea5t qua email c\u1ee7a b\u1ea1n<\/div>\n<\/div>\n<div style=\"background-color: #0000ff; width: 260px; text-align: center; padding: 8px; margin-top: 10px;\"><a style=\"text-decoration: none;\" href=\"https:\/\/ji-jobs.com\/vi\/search\/jobs\/tokuteiFlg-1\"><span style=\"color: #ffffff;\"><strong>T\u00ccM KI\u1ebeM VI\u1ec6C NGAY<\/strong><\/span><\/a><\/div>\n<\/div>\n<\/div>\n<p>&nbsp;<\/p>\n<div class=\"chat-with\">Chat v\u1edbi JiJobs<\/div>\n<div class=\"messenger-icon\"><a href=\"https:\/\/m.me\/486274831233617\" target=\"_blank\" rel=\"noopener\"><img decoding=\"async\" src=\"https:\/\/ji-jobs.com\/assets\/assets\/icons\/message_icon.png\" \/><\/a><\/div>\n","protected":false},"excerpt":{"rendered":"<p>V\u1ec0 JIJOBS JiJobs \u0111\u01a1n v\u1ecb ti\u00ean phong v\u1ec1 N\u1ec1n t\u1ea3ng t\u00ecm ki\u1ebfm vi\u1ec7c l\u00e0m cho ng\u01b0\u1eddi Vi\u1ec7t t\u1ea1i Nh\u1eadt B\u1ea3n, v\u1edbi t\u00ednh n\u0103ng t\u00ecm ki\u1ebfm vi\u1ec7c l\u00e0m th\u00f4ng minh, h\u1ed7 tr\u1ee3 t\u1ea1o CV, v\u00e0 c\u1eadp nh\u1eadt c\u00e1c c\u01a1 h\u1ed9i vi\u1ec7c l\u00e0m m\u1edbi nh\u1ea5t. H\u1ed7 tr\u1ee3 c\u00e1c c\u00f4ng ty gi\u1edbi thi\u1ec7u vi\u1ec7c l\u00e0m v\u00e0 Doanh nghi\u1ec7p &hellip; <\/p>\n<p class=\"link-more\"><a href=\"https:\/\/ji-jobs.com\/vi\/blogs\/viec-lam-tokutei-gino-tai-nhat\/\" class=\"more-link\">\u0110\u1ecdc ti\u1ebfp<span class=\"screen-reader-text\"> &#8220;Vi\u1ec7c l\u00e0m Tokutei Gino t\u1ea1i Nh\u1eadt B\u1ea3n &#8211; K\u1ebft n\u1ed1i \u1ee9ng vi\u00ean v\u00e0 Doanh nghi\u1ec7p&#8221;<\/span><\/a><\/p>\n","protected":false},"author":2,"featured_media":0,"parent":0,"menu_order":0,"comment_status":"closed","ping_status":"closed","template":"","meta":{"_acf_changed":false,"footnotes":""},"class_list":["post-238","page","type-page","status-publish","hentry"],"acf":[],"_links":{"self":[{"href":"https:\/\/ji-jobs.com\/vi\/blogs\/wp-json\/wp\/v2\/pages\/238","targetHints":{"allow":["GET"]}}],"collection":[{"href":"https:\/\/ji-jobs.com\/vi\/blogs\/wp-json\/wp\/v2\/pages"}],"about":[{"href":"https:\/\/ji-jobs.com\/vi\/blogs\/wp-json\/wp\/v2\/types\/page"}],"author":[{"embeddable":true,"href":"https:\/\/ji-jobs.com\/vi\/blogs\/wp-json\/wp\/v2\/users\/2"}],"replies":[{"embeddable":true,"href":"https:\/\/ji-jobs.com\/vi\/blogs\/wp-json\/wp\/v2\/comments?post=238"}],"version-history":[{"count":25,"href":"https:\/\/ji-jobs.com\/vi\/blogs\/wp-json\/wp\/v2\/pages\/238\/revisions"}],"predecessor-version":[{"id":306,"href":"https:\/\/ji-jobs.com\/vi\/blogs\/wp-json\/wp\/v2\/pages\/238\/revisions\/306"}],"wp:attachment":[{"href":"https:\/\/ji-jobs.com\/vi\/blogs\/wp-json\/wp\/v2\/media?parent=238"}],"curies":[{"name":"wp","href":"https:\/\/api.w.org\/{rel}","templated":true}]}}